{"id":919,"date":"2025-04-09T16:48:32","date_gmt":"2025-04-09T09:48:32","guid":{"rendered":"https:\/\/ventaindonesia.com\/?page_id=919"},"modified":"2025-05-22T23:48:28","modified_gmt":"2025-05-22T16:48:28","slug":"venta-world-wide","status":"publish","type":"page","link":"https:\/\/ventaindonesia.com\/id\/venta-world-wide\/","title":{"rendered":"Venta &#8211; World wide"},"content":{"rendered":"<div data-elementor-type=\"wp-page\" data-elementor-id=\"919\" class=\"elementor elementor-919\" data-elementor-settings=\"{&quot;element_pack_global_tooltip_width&quot;:{&quot;unit&quot;:&quot;px&quot;,&quot;size&quot;:&quot;&quot;,&quot;sizes&quot;:[]},&quot;element_pack_global_tooltip_width_tablet&quot;:{&quot;unit&quot;:&quot;px&quot;,&quot;size&quot;:&quot;&quot;,&quot;sizes&quot;:[]},&quot;element_pack_global_tooltip_width_mobile&quot;:{&quot;unit&quot;:&quot;px&quot;,&quot;size&quot;:&quot;&quot;,&quot;sizes&quot;:[]},&quot;element_pack_global_tooltip_padding&quot;:{&quot;unit&quot;:&quot;px&quot;,&quot;top&quot;:&quot;&quot;,&quot;right&quot;:&quot;&quot;,&quot;bottom&quot;:&quot;&quot;,&quot;left&quot;:&quot;&quot;,&quot;isLinked&quot;:true},&quot;element_pack_global_tooltip_padding_tablet&quot;:{&quot;unit&quot;:&quot;px&quot;,&quot;top&quot;:&quot;&quot;,&quot;right&quot;:&quot;&quot;,&quot;bottom&quot;:&quot;&quot;,&quot;left&quot;:&quot;&quot;,&quot;isLinked&quot;:true},&quot;element_pack_global_tooltip_padding_mobile&quot;:{&quot;unit&quot;:&quot;px&quot;,&quot;top&quot;:&quot;&quot;,&quot;right&quot;:&quot;&quot;,&quot;bottom&quot;:&quot;&quot;,&quot;left&quot;:&quot;&quot;,&quot;isLinked&quot;:true},&quot;element_pack_global_tooltip_border_radius&quot;:{&quot;unit&quot;:&quot;px&quot;,&quot;top&quot;:&quot;&quot;,&quot;right&quot;:&quot;&quot;,&quot;bottom&quot;:&quot;&quot;,&quot;left&quot;:&quot;&quot;,&quot;isLinked&quot;:true},&quot;element_pack_global_tooltip_border_radius_tablet&quot;:{&quot;unit&quot;:&quot;px&quot;,&quot;top&quot;:&quot;&quot;,&quot;right&quot;:&quot;&quot;,&quot;bottom&quot;:&quot;&quot;,&quot;left&quot;:&quot;&quot;,&quot;isLinked&quot;:true},&quot;element_pack_global_tooltip_border_radius_mobile&quot;:{&quot;unit&quot;:&quot;px&quot;,&quot;top&quot;:&quot;&quot;,&quot;right&quot;:&quot;&quot;,&quot;bottom&quot;:&quot;&quot;,&quot;left&quot;:&quot;&quot;,&quot;isLinked&quot;:true}}\" data-elementor-post-type=\"page\">\n\t\t\t\t<div class=\"aux-parallax-section elementor-element elementor-element-fb72be7 e-flex e-con-boxed e-con e-parent\" data-particle_enable=\"false\" data-particle-mobile-disabled=\"false\" data-id=\"fb72be7\" data-element_type=\"container\">\n\t\t\t\t\t<div class=\"e-con-inner\">\n\t\t<div data-particle_enable=\"false\" data-particle-mobile-disabled=\"false\" class=\"elementor-element elementor-element-09ac571 e-flex e-con-boxed e-con e-child\" data-id=\"09ac571\" data-element_type=\"container\" data-settings=\"{&quot;background_background&quot;:&quot;slideshow&quot;,&quot;background_slideshow_gallery&quot;:[{&quot;id&quot;:921,&quot;url&quot;:&quot;https:\\\/\\\/ventaindonesia.com\\\/wp-content\\\/uploads\\\/2025\\\/04\\\/Venta-Unternehmen-header_1920x1920.jpg&quot;}],&quot;background_slideshow_ken_burns&quot;:&quot;yes&quot;,&quot;background_slideshow_loop&quot;:&quot;yes&quot;,&quot;background_slideshow_slide_duration&quot;:5000,&quot;background_slideshow_slide_transition&quot;:&quot;fade&quot;,&quot;background_slideshow_transition_duration&quot;:500,&quot;background_slideshow_ken_burns_zoom_direction&quot;:&quot;in&quot;}\">\n\t\t\t\t\t<div class=\"e-con-inner\">\n\t\t\t\t\t<\/div>\n\t\t\t\t<\/div>\n\t\t\t\t\t<\/div>\n\t\t\t\t<\/div>\n\t\t<div class=\"aux-parallax-section elementor-element elementor-element-34aeeca e-flex e-con-boxed e-con e-parent\" data-particle_enable=\"false\" data-particle-mobile-disabled=\"false\" data-id=\"34aeeca\" data-element_type=\"container\">\n\t\t\t\t\t<div class=\"e-con-inner\">\n\t\t\t\t<div class=\"elementor-element elementor-element-eb965bb elementor-widget elementor-widget-spacer\" data-id=\"eb965bb\" data-element_type=\"widget\" data-widget_type=\"spacer.default\">\n\t\t\t\t<div class=\"elementor-widget-container\">\n\t\t\t\t\t\t\t<div class=\"elementor-spacer\">\n\t\t\t<div class=\"elementor-spacer-inner\"><\/div>\n\t\t<\/div>\n\t\t\t\t\t\t<\/div>\n\t\t\t\t<\/div>\n\t\t\t\t\t<\/div>\n\t\t\t\t<\/div>\n\t\t<div class=\"aux-parallax-section elementor-element elementor-element-a4787ea e-con-full e-flex e-con e-parent\" data-particle_enable=\"false\" data-particle-mobile-disabled=\"false\" data-id=\"a4787ea\" data-element_type=\"container\" data-settings=\"{&quot;background_background&quot;:&quot;classic&quot;}\">\n\t\t\t\t<div class=\"elementor-element elementor-element-951ee46 elementor-widget elementor-widget-text-editor\" data-id=\"951ee46\" data-element_type=\"widget\" data-widget_type=\"text-editor.default\">\n\t\t\t\t<div class=\"elementor-widget-container\">\n\t\t\t\t\t\t\t\t\t<div id=\"section-5ef0757386a24863b850c881fae177ec\" class=\"cms-section wm_text-grid pos-1 cms-section-default\"><div class=\"cms-section-default boxed\"><div class=\"cms-block bg-color pos-0 cms-block-text\"><div class=\"cms-block-container\"><div class=\"cms-block-container-row row cms-row\"><div class=\"col-12\" data-cms-element-id=\"ddf915341ec34d3296365822b09ae5c5\"><div class=\"cms-element-text\"><h2>We are Venta &#8211; World wide.<\/h2><h3>Kantor Utama<\/h3><p><b>Jerman<\/b><\/p><p>Venta-Luftw\u00e4scher GmbH <br \/>Weltestra\u00dfe 5<br \/>88250 Weingarten<br \/>Jerman<\/p><p>Tel.: <a href=\"tel:+4975150080\">+49 751 50 08 0<\/a><br \/>Fax: +49 751 50 08 20<br \/>E-Mail: <a href=\"mailto:info@venta-air.com\">info@venta-air.com<\/a><br \/><a href=\"https:\/\/www.venta-air.com\/\">www.venta-air.com<\/a><\/p><\/div><\/div><\/div><\/div><\/div><\/div><\/div>\t\t\t\t\t\t\t\t<\/div>\n\t\t\t\t<\/div>\n\t\t\t\t<\/div>\n\t\t<div class=\"aux-parallax-section elementor-element elementor-element-1b358e3 e-flex e-con-boxed e-con e-parent\" data-particle_enable=\"false\" data-particle-mobile-disabled=\"false\" data-id=\"1b358e3\" data-element_type=\"container\">\n\t\t\t\t\t<div class=\"e-con-inner\">\n\t\t\t\t<div class=\"elementor-element elementor-element-c104b54 elementor-widget elementor-widget-spacer\" data-id=\"c104b54\" data-element_type=\"widget\" data-widget_type=\"spacer.default\">\n\t\t\t\t<div class=\"elementor-widget-container\">\n\t\t\t\t\t\t\t<div class=\"elementor-spacer\">\n\t\t\t<div class=\"elementor-spacer-inner\"><\/div>\n\t\t<\/div>\n\t\t\t\t\t\t<\/div>\n\t\t\t\t<\/div>\n\t\t\t\t\t<\/div>\n\t\t\t\t<\/div>\n\t\t<div class=\"aux-parallax-section elementor-element elementor-element-f090b66 e-con-full e-flex e-con e-parent\" data-particle_enable=\"false\" data-particle-mobile-disabled=\"false\" data-id=\"f090b66\" data-element_type=\"container\" data-settings=\"{&quot;background_background&quot;:&quot;classic&quot;}\">\n\t\t\t\t<div class=\"elementor-element elementor-element-1515a15 elementor-widget elementor-widget-heading\" data-id=\"1515a15\" data-element_type=\"widget\" data-widget_type=\"heading.default\">\n\t\t\t\t<div class=\"elementor-widget-container\">\n\t\t\t\t\t<h2 class=\"elementor-heading-title elementor-size-default\">\nAnak Perusahaan\n<\/h2>\t\t\t\t<\/div>\n\t\t\t\t<\/div>\n\t\t\t\t<\/div>\n\t\t<div class=\"aux-parallax-section elementor-element elementor-element-3a41612 e-con-full e-flex e-con e-parent\" data-particle_enable=\"false\" data-particle-mobile-disabled=\"false\" data-id=\"3a41612\" data-element_type=\"container\" data-settings=\"{&quot;background_background&quot;:&quot;classic&quot;}\">\n\t\t<div data-particle_enable=\"false\" data-particle-mobile-disabled=\"false\" class=\"elementor-element elementor-element-c2ee654 e-con-full e-flex e-con e-child\" data-id=\"c2ee654\" data-element_type=\"container\">\n\t\t\t\t<div class=\"elementor-element elementor-element-7b6d357 elementor-widget elementor-widget-text-editor\" data-id=\"7b6d357\" data-element_type=\"widget\" data-widget_type=\"text-editor.default\">\n\t\t\t\t<div class=\"elementor-widget-container\">\n\t\t\t\t\t\t\t\t\t<div class=\"col-12 col-md-6 col-lg-4 mb-5\"><p><strong>Benelux<\/strong><\/p><p>Venta Benelux BV.<br \/>Van Heemstraweg Oost 8<br \/>5301 KE Zaltbommel<br \/>Netherlands<\/p><p>Tel.: <a href=\"tel:+31418541343\">+31 4 18 54 13 43<\/a><br \/>E-Mail: <a href=\"mailto:info-nl@venta-air.com\">info-nl@venta-air.com<\/a><br \/><a href=\"https:\/\/www.venta-air.com\/nl_nl\/\" target=\"_self\">www.venta-air.com\/nl_nl<\/a><\/p><\/div>\t\t\t\t\t\t\t\t<\/div>\n\t\t\t\t<\/div>\n\t\t\t\t<\/div>\n\t\t<div data-particle_enable=\"false\" data-particle-mobile-disabled=\"false\" class=\"elementor-element elementor-element-54204d9 e-con-full e-flex e-con e-child\" data-id=\"54204d9\" data-element_type=\"container\">\n\t\t\t\t<div class=\"elementor-element elementor-element-4dd5cfb elementor-widget elementor-widget-text-editor\" data-id=\"4dd5cfb\" data-element_type=\"widget\" data-widget_type=\"text-editor.default\">\n\t\t\t\t<div class=\"elementor-widget-container\">\n\t\t\t\t\t\t\t\t\t<div class=\"col-12 col-md-6 col-lg-4 mb-5\"><p><strong>China<\/strong><\/p><p>Venta China Co., LTD.<br \/>Room 3101-199, 31st Floor, No.138 Middle Huaihai Road, Huangpu District<br \/>200020 Shanghai<br \/>China<\/p><p>E-Mail: <a href=\"mailto:service-cn@venta-air.com\">service-cn@venta-air.com<\/a><br \/><a href=\"https:\/\/www.venta-air.cn\/\" target=\"_blank\" rel=\"noopener\">www.venta-air.cn<\/a><\/p><\/div>\t\t\t\t\t\t\t\t<\/div>\n\t\t\t\t<\/div>\n\t\t\t\t<\/div>\n\t\t<div data-particle_enable=\"false\" data-particle-mobile-disabled=\"false\" class=\"elementor-element elementor-element-b589320 e-con-full e-flex e-con e-child\" data-id=\"b589320\" data-element_type=\"container\">\n\t\t\t\t<div class=\"elementor-element elementor-element-66e1354 elementor-widget elementor-widget-text-editor\" data-id=\"66e1354\" data-element_type=\"widget\" data-widget_type=\"text-editor.default\">\n\t\t\t\t<div class=\"elementor-widget-container\">\n\t\t\t\t\t\t\t\t\t<p><strong>Japan<\/strong><\/p><p>VENTA JAPAN Co., LTD<br \/>Nihonbashi Daiei Building 7F<br \/>1-2-6 Muromachi Nihonbashi Chiyoda-ku <br \/>103-0022 Tokyo<br \/>Japan<\/p><p>Tel.: <a href=\"tel:+813120407554\">+81 3120-407-554<\/a><br \/>E-Mail: <a href=\"mailto:service-jp@venta-air.com\">service-jp@venta-air.com<\/a><br \/><a href=\"https:\/\/www.venta-air.jp\" target=\"_blank\" rel=\"noopener\">www.venta-air.jp<\/a><\/p>\t\t\t\t\t\t\t\t<\/div>\n\t\t\t\t<\/div>\n\t\t\t\t<\/div>\n\t\t<div data-particle_enable=\"false\" data-particle-mobile-disabled=\"false\" class=\"elementor-element elementor-element-4877281 e-con-full e-flex e-con e-child\" data-id=\"4877281\" data-element_type=\"container\">\n\t\t\t\t<div class=\"elementor-element elementor-element-2899bb1 elementor-widget elementor-widget-text-editor\" data-id=\"2899bb1\" data-element_type=\"widget\" data-widget_type=\"text-editor.default\">\n\t\t\t\t<div class=\"elementor-widget-container\">\n\t\t\t\t\t\t\t\t\t<div class=\"col-12 col-md-6 col-lg-4 mb-5\"><p><strong>Schwitzerland<\/strong><\/p><p>Venta-Luftw\u00e4scher AG<br \/>Binnenkanalstrasse 1247<br \/>9434 Au (SG)<br \/>Schweiz<\/p><p>Tel.: <a href=\"tel:+41417811515\">+41 41 781 15 15<\/a><br \/>Fax: +41 41 781 15 50<br \/>E-Mail: <a href=\"mailto:info-ch@venta-air.com\">info-ch@venta-air.com<\/a><br \/><a href=\"https:\/\/www.venta-air.com\/de_ch\/\" target=\"_self\">www.venta-air.com\/de_ch<\/a><\/p><\/div>\t\t\t\t\t\t\t\t<\/div>\n\t\t\t\t<\/div>\n\t\t\t\t<\/div>\n\t\t<div data-particle_enable=\"false\" data-particle-mobile-disabled=\"false\" class=\"elementor-element elementor-element-4a48e96 e-con-full e-flex e-con e-child\" data-id=\"4a48e96\" data-element_type=\"container\">\n\t\t\t\t<div class=\"elementor-element elementor-element-76bb15a elementor-widget elementor-widget-text-editor\" data-id=\"76bb15a\" data-element_type=\"widget\" data-widget_type=\"text-editor.default\">\n\t\t\t\t<div class=\"elementor-widget-container\">\n\t\t\t\t\t\t\t\t\t<div class=\"col-12 col-md-6 col-lg-4 mb-5\"><p><strong>USA<\/strong><\/p><p>Venta Air Technologies, Inc.<br \/>North America Headquarters<br \/>1952 McDowell Road, Suite 204<br \/>Naperville, IL 60563<br \/>United States of America<\/p><p>Tel.: <a href=\"tel:+18883338218\">+1-888-333-8218<\/a><br \/>Fax: +1-224-567-8349<br \/>E-Mail: <a href=\"mailto:info-us@venta-air.com\">info-us@venta-air.com<\/a><br \/><a href=\"https:\/\/venta-usa.com\/\" target=\"_blank\" rel=\"nofollow noopener\">venta-usa.com<\/a><\/p><\/div>\t\t\t\t\t\t\t\t<\/div>\n\t\t\t\t<\/div>\n\t\t\t\t<\/div>\n\t\t<div data-particle_enable=\"false\" data-particle-mobile-disabled=\"false\" class=\"elementor-element elementor-element-b1b631a e-con-full e-flex e-con e-child\" data-id=\"b1b631a\" data-element_type=\"container\">\n\t\t\t\t<\/div>\n\t\t\t\t<\/div>\n\t\t<div class=\"aux-parallax-section elementor-element elementor-element-603e254 e-flex e-con-boxed e-con e-parent\" data-particle_enable=\"false\" data-particle-mobile-disabled=\"false\" data-id=\"603e254\" data-element_type=\"container\">\n\t\t\t\t\t<div class=\"e-con-inner\">\n\t\t\t\t<div class=\"elementor-element elementor-element-7f16b1c elementor-widget elementor-widget-spacer\" data-id=\"7f16b1c\" data-element_type=\"widget\" data-widget_type=\"spacer.default\">\n\t\t\t\t<div class=\"elementor-widget-container\">\n\t\t\t\t\t\t\t<div class=\"elementor-spacer\">\n\t\t\t<div class=\"elementor-spacer-inner\"><\/div>\n\t\t<\/div>\n\t\t\t\t\t\t<\/div>\n\t\t\t\t<\/div>\n\t\t\t\t\t<\/div>\n\t\t\t\t<\/div>\n\t\t<div class=\"aux-parallax-section elementor-element elementor-element-4160c69 e-con-full e-flex e-con e-parent\" data-particle_enable=\"false\" data-particle-mobile-disabled=\"false\" data-id=\"4160c69\" data-element_type=\"container\" data-settings=\"{&quot;background_background&quot;:&quot;classic&quot;}\">\n\t\t\t\t<div class=\"elementor-element elementor-element-40c3cee elementor-widget elementor-widget-heading\" data-id=\"40c3cee\" data-element_type=\"widget\" data-widget_type=\"heading.default\">\n\t\t\t\t<div class=\"elementor-widget-container\">\n\t\t\t\t\t<h2 class=\"elementor-heading-title elementor-size-default\">\nMitra Penjualan\n<\/h2>\t\t\t\t<\/div>\n\t\t\t\t<\/div>\n\t\t\t\t<\/div>\n\t\t<div class=\"aux-parallax-section elementor-element elementor-element-1e50aa0 e-con-full e-flex e-con e-parent\" data-particle_enable=\"false\" data-particle-mobile-disabled=\"false\" data-id=\"1e50aa0\" data-element_type=\"container\" data-settings=\"{&quot;background_background&quot;:&quot;classic&quot;}\">\n\t\t<div data-particle_enable=\"false\" data-particle-mobile-disabled=\"false\" class=\"elementor-element elementor-element-60b5476 e-con-full e-flex e-con e-child\" data-id=\"60b5476\" data-element_type=\"container\">\n\t\t\t\t<div class=\"elementor-element elementor-element-3a410ac elementor-widget elementor-widget-text-editor\" data-id=\"3a410ac\" data-element_type=\"widget\" data-widget_type=\"text-editor.default\">\n\t\t\t\t<div class=\"elementor-widget-container\">\n\t\t\t\t\t\t\t\t\t<div class=\"col-md-4\" data-cms-element-id=\"2b09a2031b9d41aea950cbe01fdf5a92\"><div class=\"cms-element-text\"><p><strong>Finland<\/strong><\/p><p>Suomen Allergiakauppa<br \/>L\u00e4nsiportintie 14<br \/>13430 H\u00c4MEENLINNA<br \/>Finland<\/p><p>Tel: <a href=\"tel:+358400855000\">+358400855000<\/a><br \/>E-Mail: <a href=\"mailto:myynti@allergiakauppa.fi\">myynti@allergiakauppa.fi<\/a><br \/><a href=\"https:\/\/www.allergiakauppa.fi\/\" target=\"_blank\" rel=\"nofollow noopener\">www.allergiakauppa.fi<\/a><\/p><\/div><\/div>\t\t\t\t\t\t\t\t<\/div>\n\t\t\t\t<\/div>\n\t\t\t\t<\/div>\n\t\t<div data-particle_enable=\"false\" data-particle-mobile-disabled=\"false\" class=\"elementor-element elementor-element-aced815 e-con-full e-flex e-con e-child\" data-id=\"aced815\" data-element_type=\"container\">\n\t\t\t\t<div class=\"elementor-element elementor-element-cf38ff7 elementor-widget elementor-widget-text-editor\" data-id=\"cf38ff7\" data-element_type=\"widget\" data-widget_type=\"text-editor.default\">\n\t\t\t\t<div class=\"elementor-widget-container\">\n\t\t\t\t\t\t\t\t\t<div class=\"col-md-4\" data-cms-element-id=\"cdeed7eabadd4f12a779c341f669599a\"><div class=\"cms-element-text\"><p><strong>Italy<\/strong><\/p><p>Winkler-Import GmbH | Srl <br \/>Enzenbergweg 36 <br \/>Via Enzenberg <br \/>39018 Terlan | Terlano<br \/>Italy<\/p><p>Tel.: <a href=\"tel:+390471633053\">+39 047 16 33 053<\/a> <br \/>Fax: +39 047 16 33 590 <br \/>E-Mail: <a href=\"mailto:info@winkler-import.it\">info@winkler-import.it<\/a><\/p><\/div><\/div>\t\t\t\t\t\t\t\t<\/div>\n\t\t\t\t<\/div>\n\t\t\t\t<\/div>\n\t\t<div data-particle_enable=\"false\" data-particle-mobile-disabled=\"false\" class=\"elementor-element elementor-element-7510ce7 e-con-full e-flex e-con e-child\" data-id=\"7510ce7\" data-element_type=\"container\">\n\t\t\t\t<div class=\"elementor-element elementor-element-0170915 elementor-widget elementor-widget-text-editor\" data-id=\"0170915\" data-element_type=\"widget\" data-widget_type=\"text-editor.default\">\n\t\t\t\t<div class=\"elementor-widget-container\">\n\t\t\t\t\t\t\t\t\t<div class=\"col-md-4\" data-cms-element-id=\"0f6b1ca1a2234fb0b16fe7952bb321cb\"><div class=\"cms-element-text\"><p><strong>Latvia \/ Lithuania<\/strong><\/p><p>SIA \u201eBALTIJAS TIRDZNIEC\u012aBAS UZ\u0145\u0112MUMS\u201d<br \/>D\u0101rzaug\u013cu iela 1-201,<br \/>Riga LV-1012, Latvia<\/p><p>Tel.: <a href=\"tel:+37167790720\">+371 67790720<\/a><br \/>E-mail: <a href=\"mailto:info@btu.lv\">info@btu.lv<\/a><\/p><\/div><\/div>\t\t\t\t\t\t\t\t<\/div>\n\t\t\t\t<\/div>\n\t\t\t\t<\/div>\n\t\t<div data-particle_enable=\"false\" data-particle-mobile-disabled=\"false\" class=\"elementor-element elementor-element-5591564 e-con-full e-flex e-con e-child\" data-id=\"5591564\" data-element_type=\"container\">\n\t\t\t\t<div class=\"elementor-element elementor-element-056fce0 elementor-widget elementor-widget-text-editor\" data-id=\"056fce0\" data-element_type=\"widget\" data-widget_type=\"text-editor.default\">\n\t\t\t\t<div class=\"elementor-widget-container\">\n\t\t\t\t\t\t\t\t\t<div class=\"col-12 col-md-6 col-lg-4 mb-5\"><div class=\"col-md-4\" data-cms-element-id=\"4f79bc588c6049a185f7d8601baa00a0\"><div class=\"cms-element-text\"><p><strong>Malaysia \/ Singapore \/ Philippines \/ Vietnam<\/strong><\/p><p>GA MAKMUR SDN BHD<br \/>No. 27, Jalan PP 11\/4,<br \/>Alam Perdana Industrial Park,<br \/>Taman Putra Perdana,<br \/>47130 Puchong, Selangor, Malaysia<\/p><p>Tel.: <a href=\"tel:+60383226628\">+603-8322 6628<\/a><br \/>Fax: +603-8322 6066<br \/>E-mail: <a href=\"mailto:info@gasales.com.my\">info@gasales.com.my<\/a><\/p><\/div><\/div><\/div>\t\t\t\t\t\t\t\t<\/div>\n\t\t\t\t<\/div>\n\t\t\t\t<\/div>\n\t\t<div data-particle_enable=\"false\" data-particle-mobile-disabled=\"false\" class=\"elementor-element elementor-element-92954e1 e-con-full e-flex e-con e-child\" data-id=\"92954e1\" data-element_type=\"container\">\n\t\t\t\t<div class=\"elementor-element elementor-element-89fec70 elementor-widget elementor-widget-text-editor\" data-id=\"89fec70\" data-element_type=\"widget\" data-widget_type=\"text-editor.default\">\n\t\t\t\t<div class=\"elementor-widget-container\">\n\t\t\t\t\t\t\t\t\t<div class=\"col-md-4\" data-cms-element-id=\"343ecec12e37442dbc4e55112d1a4068\"><div class=\"cms-element-text\"><p><strong>Mongolia<\/strong><\/p><p>AERIS LLC<br \/>SUITE 316, Barilga Architecture Building<br \/>Chinggis Avenue, Oron Suuts Street,<br \/>2nd horoo, Khan-Uul district<br \/>Ulaanbaatar , Mongolia 17032<\/p><p>Tel: <a href=\"tel:+976-99101185\">+976-99101185<\/a>, <a href=\"tel:+976-99096696\">+976-99096696<\/a><br \/>E-mail: <a href=\"mailto:sales@aeris.mn\">sales@aeris.mn<\/a><br \/><a href=\"http:\/\/www.aeris.mn\" target=\"_blank\" rel=\"nofollow noopener\">www.aeris.mn<\/a><\/p><\/div><\/div>\t\t\t\t\t\t\t\t<\/div>\n\t\t\t\t<\/div>\n\t\t\t\t<\/div>\n\t\t<div data-particle_enable=\"false\" data-particle-mobile-disabled=\"false\" class=\"elementor-element elementor-element-fe7a64a e-con-full e-flex e-con e-child\" data-id=\"fe7a64a\" data-element_type=\"container\">\n\t\t\t\t<div class=\"elementor-element elementor-element-2c2a765 elementor-widget elementor-widget-text-editor\" data-id=\"2c2a765\" data-element_type=\"widget\" data-widget_type=\"text-editor.default\">\n\t\t\t\t<div class=\"elementor-widget-container\">\n\t\t\t\t\t\t\t\t\t<div class=\"col-md-4\" data-cms-element-id=\"343ecec12e37442dbc4e55112d1a4068\"><div class=\"cms-element-text\"><p><strong>Mongolia<\/strong><\/p><p>AERIS LLC<br \/>SUITE 316, Barilga Architecture Building<br \/>Chinggis Avenue, Oron Suuts Street,<br \/>2nd horoo, Khan-Uul district<br \/>Ulaanbaatar , Mongolia 17032<\/p><p>Tel: <a href=\"tel:+976-99101185\">+976-99101185<\/a>, <a href=\"tel:+976-99096696\">+976-99096696<\/a><br \/>E-mail: <a href=\"mailto:sales@aeris.mn\">sales@aeris.mn<\/a><br \/><a href=\"http:\/\/www.aeris.mn\" target=\"_blank\" rel=\"nofollow noopener\">www.aeris.mn<\/a><\/p><\/div><\/div>\t\t\t\t\t\t\t\t<\/div>\n\t\t\t\t<\/div>\n\t\t\t\t<\/div>\n\t\t\t\t<\/div>\n\t\t<div class=\"aux-parallax-section elementor-element elementor-element-c2ceaa5 e-con-full e-flex e-con e-parent\" data-particle_enable=\"false\" data-particle-mobile-disabled=\"false\" data-id=\"c2ceaa5\" data-element_type=\"container\" data-settings=\"{&quot;background_background&quot;:&quot;classic&quot;}\">\n\t\t<div data-particle_enable=\"false\" data-particle-mobile-disabled=\"false\" class=\"elementor-element elementor-element-6ac3347 e-con-full e-flex e-con e-child\" data-id=\"6ac3347\" data-element_type=\"container\">\n\t\t\t\t<div class=\"elementor-element elementor-element-675deee elementor-widget elementor-widget-text-editor\" data-id=\"675deee\" data-element_type=\"widget\" data-widget_type=\"text-editor.default\">\n\t\t\t\t<div class=\"elementor-widget-container\">\n\t\t\t\t\t\t\t\t\t<div class=\"col-12 col-md-6 col-lg-4 mb-5\"><div class=\"col-md-4\" data-cms-element-id=\"4f79bc588c6049a185f7d8601baa00a0\"><div class=\"cms-element-text\"><div class=\"col-md-4\" data-cms-element-id=\"47721e97b2184ffda398877d35aa18fc\"><div class=\"cms-element-text\"><p><strong>South Korea<\/strong><\/p><p><span class=\"text-uppercase\">Venta Korea Co., Ltd.<\/span> <br \/>3\/F., Seojin B\/D., Seolleung-ro 754, <br \/>Gangnam-Gu, <br \/>Seoul 06062, Korea<\/p><p>Tel.: <a href=\"tel:+82220340114\">+82 22 03 40 114<\/a> <br \/>E-mail: <a href=\"mailto:dooum@venta.co.kr\">dooum@venta.co.kr<\/a> <br \/><a href=\"https:\/\/www.venta.co.kr\/\" target=\"_blank\" rel=\"noopener\">www.venta.co.kr<\/a><\/p><\/div><\/div><\/div><\/div><\/div>\t\t\t\t\t\t\t\t<\/div>\n\t\t\t\t<\/div>\n\t\t\t\t<\/div>\n\t\t<div data-particle_enable=\"false\" data-particle-mobile-disabled=\"false\" class=\"elementor-element elementor-element-ea41c5a e-con-full e-flex e-con e-child\" data-id=\"ea41c5a\" data-element_type=\"container\">\n\t\t\t\t<div class=\"elementor-element elementor-element-f5f0b02 elementor-widget elementor-widget-text-editor\" data-id=\"f5f0b02\" data-element_type=\"widget\" data-widget_type=\"text-editor.default\">\n\t\t\t\t<div class=\"elementor-widget-container\">\n\t\t\t\t\t\t\t\t\t<div class=\"col-12 col-md-6 col-lg-4 mb-5\"><div class=\"col-md-4\" data-cms-element-id=\"4f79bc588c6049a185f7d8601baa00a0\"><div class=\"cms-element-text\"><div class=\"col-md-4\" data-cms-element-id=\"47721e97b2184ffda398877d35aa18fc\"><div class=\"cms-element-text\"><p><strong>Czech Republic \/ Slovakia \/<br \/>\u00a0Hungary \/ Poland<\/strong><\/p><p>Union Distribution s.r.o.<br \/>Na Str\u017ei 1702\/65,14000<br \/>Prague 4, Czech Republic<\/p><p>Tel.: <a href=\"tel:+40213142144\">+420 296 182 770<\/a><br \/>E-Mail: <a href=\"mailto:office@lifeart.ro\">info@uniondistribution.eu<\/a><\/p><\/div><\/div><\/div><\/div><\/div>\t\t\t\t\t\t\t\t<\/div>\n\t\t\t\t<\/div>\n\t\t\t\t<\/div>\n\t\t<div data-particle_enable=\"false\" data-particle-mobile-disabled=\"false\" class=\"elementor-element elementor-element-a078e83 e-con-full e-flex e-con e-child\" data-id=\"a078e83\" data-element_type=\"container\">\n\t\t\t\t<div class=\"elementor-element elementor-element-b0bc1e8 elementor-widget elementor-widget-text-editor\" data-id=\"b0bc1e8\" data-element_type=\"widget\" data-widget_type=\"text-editor.default\">\n\t\t\t\t<div class=\"elementor-widget-container\">\n\t\t\t\t\t\t\t\t\t<div class=\"col-12 col-md-6 col-lg-4 mb-5\"><div class=\"col-md-4\" data-cms-element-id=\"4f79bc588c6049a185f7d8601baa00a0\"><div class=\"cms-element-text\"><div class=\"col-md-4\" data-cms-element-id=\"47721e97b2184ffda398877d35aa18fc\"><div class=\"cms-element-text\"><div class=\"col-md-4\" data-cms-element-id=\"1bce1719a2fb4466a80c639b86d8242f\"><div class=\"cms-element-text\"><p><strong>Austria<\/strong><\/p><p>Stromayer Elektro Service GmbH<br \/>Strohmayergasse 8<br \/>1060 Wien<\/p><p>Tel.: <a href=\"tel:+4315961706\">+43 1 596 17 06<\/a><br \/>E-Mail: <a href=\"mailto:office@stromayer.at\">office@stromayer.at<\/a><br \/><a href=\"https:\/\/www.stromayer.at\/\" target=\"_blank\" rel=\"noopener\">www.stromayer.at<\/a><\/p><\/div><\/div><\/div><\/div><\/div><\/div><\/div>\t\t\t\t\t\t\t\t<\/div>\n\t\t\t\t<\/div>\n\t\t\t\t<\/div>\n\t\t\t\t<\/div>\n\t\t\t\t<\/div>","protected":false},"excerpt":{"rendered":"<p>We are Venta &#8211; World wide. HEADQUARTERS Germany Venta-Luftw\u00e4scher GmbH Weltestra\u00dfe 588250 WeingartenGermany Tel.: +49 751 50 08 0Fax: +49 751 50 08 20E-Mail: info@venta-air.comwww.venta-air.com Subsidiaries Benelux Venta Benelux BV.Van Heemstraweg Oost 85301 KE ZaltbommelNetherlands Tel.: +31 4 18 54 13 43E-Mail: info-nl@venta-air.comwww.venta-air.com\/nl_nl China Venta China Co., LTD.Room 3101-199, 31st Floor, No.138 Middle Huaihai Road, [&hellip;]<\/p>","protected":false},"author":1,"featured_media":0,"parent":0,"menu_order":0,"comment_status":"closed","ping_status":"closed","template":"","meta":{"_acf_changed":false,"footnotes":""},"class_list":["post-919","page","type-page","status-publish","hentry"],"acf":[],"_links":{"self":[{"href":"https:\/\/ventaindonesia.com\/id\/wp-json\/wp\/v2\/pages\/919","targetHints":{"allow":["GET"]}}],"collection":[{"href":"https:\/\/ventaindonesia.com\/id\/wp-json\/wp\/v2\/pages"}],"about":[{"href":"https:\/\/ventaindonesia.com\/id\/wp-json\/wp\/v2\/types\/page"}],"author":[{"embeddable":true,"href":"https:\/\/ventaindonesia.com\/id\/wp-json\/wp\/v2\/users\/1"}],"replies":[{"embeddable":true,"href":"https:\/\/ventaindonesia.com\/id\/wp-json\/wp\/v2\/comments?post=919"}],"version-history":[{"count":40,"href":"https:\/\/ventaindonesia.com\/id\/wp-json\/wp\/v2\/pages\/919\/revisions"}],"predecessor-version":[{"id":2428,"href":"https:\/\/ventaindonesia.com\/id\/wp-json\/wp\/v2\/pages\/919\/revisions\/2428"}],"wp:attachment":[{"href":"https:\/\/ventaindonesia.com\/id\/wp-json\/wp\/v2\/media?parent=919"}],"curies":[{"name":"wp","href":"https:\/\/api.w.org\/{rel}","templated":true}]}}